{"id":11,"date":"2026-01-21T12:23:34","date_gmt":"2026-01-21T12:23:34","guid":{"rendered":"https:\/\/tt888.app\/?page_id=11"},"modified":"2026-04-05T04:51:22","modified_gmt":"2026-04-05T04:51:22","slug":"trang-chu-tt88","status":"publish","type":"page","link":"https:\/\/bestftxatiiht.za.com\/","title":{"rendered":"Trang ch\u1ee7 TT88"},"content":{"rendered":"\t<div class=\"img has-hover x md-x lg-x y md-y lg-y\" id=\"image_377266366\">\n\t\t\t\t\t\t\t\t<div class=\"img-inner dark\" >\n\t\t\t<img loading=\"lazy\" decoding=\"async\" width=\"1920\" height=\"520\" src=\"https:\/\/bestftxatiiht.za.com\/wp-content\/uploads\/2026\/01\/banner-pc.webp\" class=\"attachment-original size-original\" alt=\"banner-tt88\" srcset=\"https:\/\/bestftxatiiht.za.com\/wp-content\/uploads\/2026\/01\/banner-pc.webp 1920w, https:\/\/bestftxatiiht.za.com\/wp-content\/uploads\/2026\/01\/banner-pc-300x81.webp 300w, https:\/\/bestftxatiiht.za.com\/wp-content\/uploads\/2026\/01\/banner-pc-1024x277.webp 1024w, https:\/\/bestftxatiiht.za.com\/wp-content\/uploads\/2026\/01\/banner-pc-768x208.webp 768w, https:\/\/bestftxatiiht.za.com\/wp-content\/uploads\/2026\/01\/banner-pc-1536x416.webp 1536w\" sizes=\"auto, (max-width: 1920px) 100vw, 1920px\" \/>\t\t\t\t\t\t\n\t\t\t\t\t<\/div>\n\t\t\t\t\t\t\t\t\n<style>\n#image_377266366 {\n  width: 100%;\n}\n<\/style>\n\t<\/div>\n\t\n<h1 style=\"text-align: center;\" data-start=\"4113\" data-end=\"4160\"><strong>TT88 &#8211; Trang Ch\u1ee7 \u0110\u0103ng K\u00fd &#8211; \u0110\u0103ng Nh\u1eadp TT88 COM Ch\u00ednh Th\u1ee9c T\u1eb7ng +88K<\/strong><\/h1>\n<p><strong><a href=\"https:\/\/bestftxatiiht.za.com\/\">TT88<\/a><\/strong> \u0111ang tr\u1edf th\u00e0nh l\u1ef1a ch\u1ecdn \u201cru\u1ed9t\u201d c\u1ee7a nhi\u1ec1u anh em khi t\u00ecm ki\u1ebfm m\u1ed9t trang ch\u1ee7 c\u00e1 c\u01b0\u1ee3c v\u1eeba nhanh \u2013 g\u1ecdn \u2013 \u1ed5n \u0111\u1ecbnh trong n\u0103m 2026. Ngay khi truy c\u1eadp <strong><a href=\"https:\/\/bestftxatiiht.za.com\/\">https:\/\/bestftxatiiht.za.com\/<\/a><\/strong>, ng\u01b0\u1eddi ch\u01a1i c\u00f3 th\u1ec3 ho\u00e0n t\u1ea5t \u0111\u0103ng k\u00fd ch\u1ec9 trong <strong data-start=\"211\" data-end=\"228\" data-is-only-node=\"\">kho\u1ea3ng 1 ph\u00fat<\/strong>, thao t\u00e1c t\u1ed1i gi\u1ea3n, kh\u00f4ng y\u00eau c\u1ea7u x\u00e1c minh ph\u1ee9c t\u1ea1p. Tr\u1ea3i nghi\u1ec7m th\u1ef1c t\u1ebf cho th\u1ea5y h\u1ec7 th\u1ed1ng v\u1eadn h\u00e0nh kh\u00e1 m\u01b0\u1ee3t, k\u1ec3 c\u1ea3 khung gi\u1edd cao \u0111i\u1ec3m v\u1eabn gi\u1eef t\u1ed1c \u0111\u1ed9 t\u1ea3i nhanh v\u00e0 h\u1ea1n ch\u1ebf l\u1ed7i \u0111\u0103ng nh\u1eadp \u2013 m\u1ed9t \u0111i\u1ec3m c\u1ed9ng l\u1edbn so v\u1edbi nhi\u1ec1u n\u1ec1n t\u1ea3ng c\u00f9ng ph\u00e2n kh\u00fac.<\/p>\n<p data-start=\"473\" data-end=\"993\">V\u1ec1 d\u1ecbch v\u1ee5, TT88 cung c\u1ea5p \u0111\u1ea7y \u0111\u1ee7 c\u00e1c h\u1ea1ng m\u1ee5c hot nh\u01b0 th\u1ec3 thao, casino live, slot v\u00e0 mini game, v\u1edbi m\u1ee9c RTP trung b\u00ecnh \u1edf nhi\u1ec1u tr\u00f2 ch\u01a1i dao \u0111\u1ed9ng <strong data-start=\"618\" data-end=\"629\">95%\u201397%<\/strong>, \u0111\u1ee7 \u0111\u1ec3 ng\u01b0\u1eddi ch\u01a1i \u201cc\u00e0y cu\u1ed1c\u201d l\u00e2u d\u00e0i. \u0110\u1eb7c bi\u1ec7t, quy tr\u00ecnh n\u1ea1p \u2013 r\u00fat ti\u1ec1n \u0111\u01b0\u1ee3c t\u1ed1i \u01b0u h\u00f3a, nhi\u1ec1u giao d\u1ecbch ho\u00e0n t\u1ea5t trong <strong data-start=\"751\" data-end=\"763\">3\u20135 ph\u00fat<\/strong>, gi\u00fap d\u00f2ng ti\u1ec1n lu\u00e2n chuy\u1ec3n linh ho\u1ea1t, kh\u00f4ng b\u1ecb gi\u00e1n \u0111o\u1ea1n tr\u1ea3i nghi\u1ec7m. Th\u00eam v\u00e0o \u0111\u00f3, \u01b0u \u0111\u00e3i <strong data-start=\"855\" data-end=\"882\">+88K cho th\u00e0nh vi\u00ean m\u1edbi<\/strong> \u0111\u00f3ng vai tr\u00f2 nh\u01b0 \u201cv\u00e9 th\u1eed mi\u1ec5n ph\u00ed\u201d, gi\u00fap ng\u01b0\u1eddi ch\u01a1i ki\u1ec3m ch\u1ee9ng ch\u1ea5t l\u01b0\u1ee3ng n\u1ec1n t\u1ea3ng tr\u01b0\u1edbc khi tham gia s\u00e2u h\u01a1n.<\/p>\n<p data-start=\"995\" data-end=\"1370\" data-is-last-node=\"\" data-is-only-node=\"\">\u0110i\u1ec3m \u0111\u00e1ng ch\u00fa \u00fd l\u00e0 TT88 \u0111\u1ea7u t\u01b0 kh\u00e1 k\u1ef9 v\u00e0o h\u1ec7 th\u1ed1ng b\u1ea3o m\u1eadt v\u00e0 ch\u0103m s\u00f3c kh\u00e1ch h\u00e0ng: d\u1eef li\u1ec7u \u0111\u01b0\u1ee3c m\u00e3 h\u00f3a nhi\u1ec1u l\u1edbp, \u0111\u1ed9i ng\u0169 CSKH ho\u1ea1t \u0111\u1ed9ng <strong data-start=\"1132\" data-end=\"1140\">24\/7<\/strong>, ph\u1ea3n h\u1ed3i nhanh trong v\u00e0i ph\u00fat qua live chat. Nh\u1edd v\u1eady, TT88 kh\u00f4ng ch\u1ec9 \u0111\u00e1p \u1ee9ng nhu c\u1ea7u gi\u1ea3i tr\u00ed \u0111\u01a1n thu\u1ea7n m\u00e0 c\u00f2n t\u1ea1o d\u1ef1ng \u0111\u01b0\u1ee3c ni\u1ec1m tin v\u1edbi ng\u01b0\u1eddi d\u00f9ng \u2013 y\u1ebfu t\u1ed1 then ch\u1ed1t \u0111\u1ec3 gi\u1eef ch\u00e2n ng\u01b0\u1eddi ch\u01a1i trong th\u1ecb tr\u01b0\u1eddng c\u1ea1nh tranh hi\u1ec7n nay.<\/p>\n<div class=\"container section-title-container\" ><h2 class=\"section-title section-title-center\"><b><\/b><span class=\"section-title-main\" >FAQ - TT88 tr\u1ea3 l\u1eddi c\u00e1c c\u00e2u h\u1ecfi th\u01b0\u1eddng g\u1eb7p<\/span><b><\/b><\/h2><\/div>\n<div class=\"accordion\">\n\t<div id=\"accordion-2853832199\" class=\"accordion-item\">\n\t\t<a id=\"accordion-2853832199-label\" class=\"accordion-title plain\" href=\"#accordion-item-tt88-l\u00e0-g\u00ec?\" aria-expanded=\"false\" aria-controls=\"accordion-2853832199-content\" >\n\t\t\t<button class=\"toggle\" aria-label=\"Chuy\u1ec3n \u0111\u1ed5i\"><i class=\"icon-angle-down\"><\/i><\/button>\n\t\t\t<span>TT88 l\u00e0 g\u00ec?<\/span>\n\t\t<\/a>\n\t\t<div id=\"accordion-2853832199-content\" class=\"accordion-inner\" aria-labelledby=\"accordion-2853832199-label\" >\n\t\t\t\n<p>TT88 l\u00e0 n\u1ec1n t\u1ea3ng c\u00e1 c\u01b0\u1ee3c \u2013 gi\u1ea3i tr\u00ed tr\u1ef1c tuy\u1ebfn, cung c\u1ea5p nhi\u1ec1u h\u00ecnh th\u1ee9c gi\u1ea3i tr\u00ed nh\u01b0 th\u1ec3 thao, game b\u00e0i v\u00e0 tr\u00f2 ch\u01a1i tr\u1ef1c tuy\u1ebfn, \u0111\u01b0\u1ee3c ng\u01b0\u1eddi ch\u01a1i Vi\u1ec7t Nam quan t\u00e2m nh\u1edd t\u00ednh \u1ed5n \u0111\u1ecbnh v\u00e0 d\u1ec5 s\u1eed d\u1ee5ng.<\/p>\n\t\t<\/div>\n\t<\/div>\n\t\n\t<div id=\"accordion-3992905245\" class=\"accordion-item\">\n\t\t<a id=\"accordion-3992905245-label\" class=\"accordion-title plain\" href=\"#accordion-item-tt88-c\u00f3-uy-t\u00edn-kh\u00f4ng?\" aria-expanded=\"false\" aria-controls=\"accordion-3992905245-content\" >\n\t\t\t<button class=\"toggle\" aria-label=\"Chuy\u1ec3n \u0111\u1ed5i\"><i class=\"icon-angle-down\"><\/i><\/button>\n\t\t\t<span>TT88 c\u00f3 uy t\u00edn kh\u00f4ng?<\/span>\n\t\t<\/a>\n\t\t<div id=\"accordion-3992905245-content\" class=\"accordion-inner\" aria-labelledby=\"accordion-3992905245-label\" >\n\t\t\t\n<p>TT88 \u0111\u01b0\u1ee3c \u0111\u00e1nh gi\u00e1 cao nh\u1edd h\u1ec7 th\u1ed1ng v\u1eadn h\u00e0nh \u1ed5n \u0111\u1ecbnh, b\u1ea3o m\u1eadt nhi\u1ec1u l\u1edbp v\u00e0 quy tr\u00ecnh giao d\u1ecbch minh b\u1ea1ch. Nhi\u1ec1u ng\u01b0\u1eddi ch\u01a1i ph\u1ea3n h\u1ed3i th\u1eddi gian x\u1eed l\u00fd n\u1ea1p \u2013 r\u00fat nhanh v\u00e0 \u00edt x\u1ea3y ra gi\u00e1n \u0111o\u1ea1n.<\/p>\n\t\t<\/div>\n\t<\/div>\n\t\n\t<div id=\"accordion-2375570860\" class=\"accordion-item\">\n\t\t<a id=\"accordion-2375570860-label\" class=\"accordion-title plain\" href=\"#accordion-item-tt88-ph\u00f9-h\u1ee3p-v\u1edbi-ng\u01b0\u1eddi-ch\u01a1i-m\u1edbi-kh\u00f4ng?\" aria-expanded=\"false\" aria-controls=\"accordion-2375570860-content\" >\n\t\t\t<button class=\"toggle\" aria-label=\"Chuy\u1ec3n \u0111\u1ed5i\"><i class=\"icon-angle-down\"><\/i><\/button>\n\t\t\t<span>TT88 ph\u00f9 h\u1ee3p v\u1edbi ng\u01b0\u1eddi ch\u01a1i m\u1edbi kh\u00f4ng?<\/span>\n\t\t<\/a>\n\t\t<div id=\"accordion-2375570860-content\" class=\"accordion-inner\" aria-labelledby=\"accordion-2375570860-label\" >\n\t\t\t\n<p>C\u00f3. Giao di\u1ec7n TT88 \u0111\u01b0\u1ee3c thi\u1ebft k\u1ebf tr\u1ef1c quan, b\u1ed1 c\u1ee5c r\u00f5 r\u00e0ng, thao t\u00e1c \u0111\u01a1n gi\u1ea3n, gi\u00fap ng\u01b0\u1eddi m\u1edbi d\u1ec5 l\u00e0m quen m\u00e0 kh\u00f4ng m\u1ea5t nhi\u1ec1u th\u1eddi gian t\u00ecm hi\u1ec3u.<\/p>\n\t\t<\/div>\n\t<\/div>\n\t\n\t<div id=\"accordion-3850670955\" class=\"accordion-item\">\n\t\t<a id=\"accordion-3850670955-label\" class=\"accordion-title plain\" href=\"#accordion-item-\u0110\u0103ng-k\u00fd-t\u00e0i-kho\u1ea3n-tt88-c\u00f3-m\u1ea5t-ph\u00ed-kh\u00f4ng?\" aria-expanded=\"false\" aria-controls=\"accordion-3850670955-content\" >\n\t\t\t<button class=\"toggle\" aria-label=\"Chuy\u1ec3n \u0111\u1ed5i\"><i class=\"icon-angle-down\"><\/i><\/button>\n\t\t\t<span>\u0110\u0103ng k\u00fd t\u00e0i kho\u1ea3n TT88 c\u00f3 m\u1ea5t ph\u00ed kh\u00f4ng?<\/span>\n\t\t<\/a>\n\t\t<div id=\"accordion-3850670955-content\" class=\"accordion-inner\" aria-labelledby=\"accordion-3850670955-label\" >\n\t\t\t\n<p>Vi\u1ec7c \u0111\u0103ng k\u00fd t\u00e0i kho\u1ea3n TT88 ho\u00e0n to\u00e0n mi\u1ec5n ph\u00ed. Ng\u01b0\u1eddi ch\u01a1i ch\u1ec9 c\u1ea7n v\u00e0i b\u01b0\u1edbc c\u01a1 b\u1ea3n \u0111\u1ec3 t\u1ea1o t\u00e0i kho\u1ea3n v\u00e0 c\u00f3 th\u1ec3 tham gia tr\u1ea3i nghi\u1ec7m ngay sau khi x\u00e1c minh.<\/p>\n\t\t<\/div>\n\t<\/div>\n\t\n\t<div id=\"accordion-1963938580\" class=\"accordion-item\">\n\t\t<a id=\"accordion-1963938580-label\" class=\"accordion-title plain\" href=\"#accordion-item-tt88-c\u00f3-h\u1ed7-tr\u1ee3-tr\u00ean-\u0111i\u1ec7n-tho\u1ea1i-kh\u00f4ng?\" aria-expanded=\"false\" aria-controls=\"accordion-1963938580-content\" >\n\t\t\t<button class=\"toggle\" aria-label=\"Chuy\u1ec3n \u0111\u1ed5i\"><i class=\"icon-angle-down\"><\/i><\/button>\n\t\t\t<span>TT88 c\u00f3 h\u1ed7 tr\u1ee3 tr\u00ean \u0111i\u1ec7n tho\u1ea1i kh\u00f4ng?<\/span>\n\t\t<\/a>\n\t\t<div id=\"accordion-1963938580-content\" class=\"accordion-inner\" aria-labelledby=\"accordion-1963938580-label\" >\n\t\t\t\n<p>TT88 h\u1ed7 tr\u1ee3 t\u1ed1t tr\u00ean c\u1ea3 tr\u00ecnh duy\u1ec7t web v\u00e0 thi\u1ebft b\u1ecb di \u0111\u1ed9ng. Tr\u1ea3i nghi\u1ec7m th\u1ef1c t\u1ebf cho th\u1ea5y t\u1ed1c \u0111\u1ed9 t\u1ea3i m\u01b0\u1ee3t, thao t\u00e1c \u1ed5n \u0111\u1ecbnh, ph\u00f9 h\u1ee3p v\u1edbi ng\u01b0\u1eddi ch\u01a1i th\u01b0\u1eddng xuy\u00ean s\u1eed d\u1ee5ng smartphone.<\/p>\n\t\t<\/div>\n\t<\/div>\n\t\n<\/div>\n","protected":false},"excerpt":{"rendered":"<p>TT88 &#8211; Trang Ch\u1ee7 \u0110\u0103ng K\u00fd &#8211; \u0110\u0103ng Nh\u1eadp TT88 COM Ch\u00ednh Th\u1ee9c T\u1eb7ng +88K TT88 \u0111ang tr\u1edf th\u00e0nh l\u1ef1a ch\u1ecdn \u201cru\u1ed9t\u201d c\u1ee7a nhi\u1ec1u anh em khi t\u00ecm ki\u1ebfm m\u1ed9t trang ch\u1ee7 c\u00e1 c\u01b0\u1ee3c v\u1eeba nhanh \u2013 g\u1ecdn \u2013 \u1ed5n \u0111\u1ecbnh trong n\u0103m 2026. Ngay khi truy c\u1eadp https:\/\/bestftxatiiht.za.com\/, ng\u01b0\u1eddi ch\u01a1i c\u00f3 th\u1ec3 ho\u00e0n t\u1ea5t [&#8230;]\n","protected":false},"author":1,"featured_media":41,"parent":0,"menu_order":0,"comment_status":"closed","ping_status":"closed","template":"","meta":{"footnotes":""},"class_list":["post-11","page","type-page","status-publish","has-post-thumbnail","hentry"],"_links":{"self":[{"href":"https:\/\/bestftxatiiht.za.com\/index.php\/wp-json\/wp\/v2\/pages\/11","targetHints":{"allow":["GET"]}}],"collection":[{"href":"https:\/\/bestftxatiiht.za.com\/index.php\/wp-json\/wp\/v2\/pages"}],"about":[{"href":"https:\/\/bestftxatiiht.za.com\/index.php\/wp-json\/wp\/v2\/types\/page"}],"author":[{"embeddable":true,"href":"https:\/\/bestftxatiiht.za.com\/index.php\/wp-json\/wp\/v2\/users\/1"}],"replies":[{"embeddable":true,"href":"https:\/\/bestftxatiiht.za.com\/index.php\/wp-json\/wp\/v2\/comments?post=11"}],"version-history":[{"count":17,"href":"https:\/\/bestftxatiiht.za.com\/index.php\/wp-json\/wp\/v2\/pages\/11\/revisions"}],"predecessor-version":[{"id":58,"href":"https:\/\/bestftxatiiht.za.com\/index.php\/wp-json\/wp\/v2\/pages\/11\/revisions\/58"}],"wp:featuredmedia":[{"embeddable":true,"href":"https:\/\/bestftxatiiht.za.com\/index.php\/wp-json\/wp\/v2\/media\/41"}],"wp:attachment":[{"href":"https:\/\/bestftxatiiht.za.com\/index.php\/wp-json\/wp\/v2\/media?parent=11"}],"curies":[{"name":"wp","href":"https:\/\/api.w.org\/{rel}","templated":true}]}}